{"id":647,"date":"2026-04-02T16:50:22","date_gmt":"2026-04-02T14:50:22","guid":{"rendered":"https:\/\/bythewaydomki.pl\/?page_id=647"},"modified":"2026-04-02T16:56:13","modified_gmt":"2026-04-02T14:56:13","slug":"domki","status":"publish","type":"page","link":"https:\/\/bythewaydomki.pl\/index.php\/domki\/","title":{"rendered":"domki"},"content":{"rendered":"<style>.elementor-647 .elementor-element.elementor-element-d6e79e9{--display:flex;}.elementor-647 .elementor-element.elementor-element-37cf2ce{--display:flex;--flex-direction:row;--container-widget-width:initial;--container-widget-height:100%;--container-widget-flex-grow:1;--container-widget-align-self:stretch;--flex-wrap-mobile:wrap;--gap:0px 0px;--row-gap:0px;--column-gap:0px;}.elementor-647 .elementor-element.elementor-element-67e6674{--display:flex;--flex-direction:column;--container-widget-width:100%;--container-widget-height:initial;--container-widget-flex-grow:0;--container-widget-align-self:initial;--flex-wrap-mobile:wrap;}.elementor-widget-text-editor{font-family:var( --e-global-typography-text-font-family ), Sans-serif;font-size:var( --e-global-typography-text-font-size );font-weight:var( --e-global-typography-text-font-weight );color:var( --e-global-color-text );}.elementor-widget-text-editor.elementor-drop-cap-view-stacked .elementor-drop-cap{background-color:var( --e-global-color-primary );}.elementor-widget-text-editor.elementor-drop-cap-view-framed .elementor-drop-cap, .elementor-widget-text-editor.elementor-drop-cap-view-default .elementor-drop-cap{color:var( --e-global-color-primary );border-color:var( --e-global-color-primary );}.elementor-647 .elementor-element.elementor-element-9b680da{font-family:\"Heebo\", Sans-serif;font-size:16px;font-weight:400;color:#000000;margin:25px 0px calc(var(--kit-widget-spacing, 0px) + 0px) 0px;}.elementor-widget-icon-list .elementor-icon-list-item:not(:last-child):after{border-color:var( --e-global-color-text );}.elementor-widget-icon-list .elementor-icon-list-icon i{color:var( --e-global-color-primary );}.elementor-widget-icon-list .elementor-icon-list-icon svg{fill:var( --e-global-color-primary );}.elementor-widget-icon-list .elementor-icon-list-item > .elementor-icon-list-text, .elementor-widget-icon-list .elementor-icon-list-item > a{font-family:var( --e-global-typography-text-font-family ), Sans-serif;font-size:var( --e-global-typography-text-font-size );font-weight:var( --e-global-typography-text-font-weight );}.elementor-widget-icon-list .elementor-icon-list-text{color:var( --e-global-color-secondary );}.elementor-647 .elementor-element.elementor-element-2869747 .elementor-icon-list-icon i{color:#AC3030;transition:color 0.3s;}.elementor-647 .elementor-element.elementor-element-2869747 .elementor-icon-list-icon svg{fill:#AC3030;transition:fill 0.3s;}.elementor-647 .elementor-element.elementor-element-2869747{--e-icon-list-icon-size:14px;--icon-vertical-offset:0px;}.elementor-647 .elementor-element.elementor-element-2869747 .elementor-icon-list-text{color:#000000;transition:color 0.3s;}.elementor-647 .elementor-element.elementor-element-10b4524{--display:flex;--flex-direction:column;--container-widget-width:100%;--container-widget-height:initial;--container-widget-flex-grow:0;--container-widget-align-self:initial;--flex-wrap-mobile:wrap;}.elementor-647 .elementor-element.elementor-element-252241c{font-family:\"Heebo\", Sans-serif;font-size:16px;font-weight:400;color:#000000;margin:25px 0px calc(var(--kit-widget-spacing, 0px) + 0px) 0px;}.elementor-647 .elementor-element.elementor-element-2c5e08b .elementor-icon-list-icon i{color:#AC3030;transition:color 0.3s;}.elementor-647 .elementor-element.elementor-element-2c5e08b .elementor-icon-list-icon svg{fill:#AC3030;transition:fill 0.3s;}.elementor-647 .elementor-element.elementor-element-2c5e08b{--e-icon-list-icon-size:14px;--icon-vertical-offset:0px;}.elementor-647 .elementor-element.elementor-element-2c5e08b .elementor-icon-list-text{color:#000000;transition:color 0.3s;}.elementor-647 .elementor-element.elementor-element-a63925a{--display:flex;--flex-direction:row;--container-widget-width:initial;--container-widget-height:100%;--container-widget-flex-grow:1;--container-widget-align-self:stretch;--flex-wrap-mobile:wrap;--gap:0px 0px;--row-gap:0px;--column-gap:0px;}.elementor-647 .elementor-element.elementor-element-a50b2b6{--display:flex;--flex-direction:column;--container-widget-width:100%;--container-widget-height:initial;--container-widget-flex-grow:0;--container-widget-align-self:initial;--flex-wrap-mobile:wrap;}.elementor-647 .elementor-element.elementor-element-668955d{font-family:\"Heebo\", Sans-serif;font-size:16px;font-weight:400;color:#000000;margin:25px 0px calc(var(--kit-widget-spacing, 0px) + 0px) 0px;}.elementor-647 .elementor-element.elementor-element-5336dc6{--display:flex;--flex-direction:column;--container-widget-width:100%;--container-widget-height:initial;--container-widget-flex-grow:0;--container-widget-align-self:initial;--flex-wrap-mobile:wrap;}.elementor-647 .elementor-element.elementor-element-1a318aa{font-family:\"Heebo\", Sans-serif;font-size:16px;font-weight:400;color:#000000;margin:25px 0px calc(var(--kit-widget-spacing, 0px) + 0px) 0px;}.elementor-647 .elementor-element.elementor-element-86d220b .elementor-icon-list-icon i{color:#AC3030;transition:color 0.3s;}.elementor-647 .elementor-element.elementor-element-86d220b .elementor-icon-list-icon svg{fill:#AC3030;transition:fill 0.3s;}.elementor-647 .elementor-element.elementor-element-86d220b{--e-icon-list-icon-size:14px;--icon-vertical-offset:0px;}.elementor-647 .elementor-element.elementor-element-86d220b .elementor-icon-list-text{color:#000000;transition:color 0.3s;}@media(min-width:768px){.elementor-647 .elementor-element.elementor-element-67e6674{--width:50%;}.elementor-647 .elementor-element.elementor-element-10b4524{--width:50%;}.elementor-647 .elementor-element.elementor-element-a50b2b6{--width:50%;}.elementor-647 .elementor-element.elementor-element-5336dc6{--width:50%;}}@media(max-width:1024px){.elementor-widget-text-editor{font-size:var( --e-global-typography-text-font-size );}.elementor-647 .elementor-element.elementor-element-9b680da{font-size:15px;}.elementor-widget-icon-list .elementor-icon-list-item > .elementor-icon-list-text, .elementor-widget-icon-list .elementor-icon-list-item > a{font-size:var( --e-global-typography-text-font-size );}.elementor-647 .elementor-element.elementor-element-252241c{font-size:15px;}.elementor-647 .elementor-element.elementor-element-668955d{font-size:15px;}.elementor-647 .elementor-element.elementor-element-1a318aa{font-size:15px;}}@media(max-width:767px){.elementor-widget-text-editor{font-size:var( --e-global-typography-text-font-size );}.elementor-647 .elementor-element.elementor-element-9b680da{font-size:14px;}.elementor-widget-icon-list .elementor-icon-list-item > .elementor-icon-list-text, .elementor-widget-icon-list .elementor-icon-list-item > a{font-size:var( --e-global-typography-text-font-size );}.elementor-647 .elementor-element.elementor-element-252241c{font-size:14px;}.elementor-647 .elementor-element.elementor-element-668955d{font-size:14px;}.elementor-647 .elementor-element.elementor-element-1a318aa{font-size:14px;}}<\/style>\t\t<div data-elementor-type=\"wp-page\" data-elementor-id=\"647\" class=\"elementor elementor-647\" data-elementor-settings=\"{&quot;jkit_pro_custom_cursor_toggle&quot;:false}\">\n\t\t\t\t<div class=\"elementor-element elementor-element-d6e79e9 e-flex e-con-boxed e-con e-parent\" data-id=\"d6e79e9\" data-element_type=\"container\" data-e-type=\"container\" data-settings=\"{&quot;jkit_pro_background_motion_effects_toggle&quot;:0,&quot;jkit_pro_custom_cursor_toggle&quot;:false,&quot;jkit_pro_parallax_effects_toggle&quot;:0,&quot;jkit_pro_mouse_effects_toggle&quot;:0}\">\n\t\t\t\t\t<div class=\"e-con-inner\">\n\t\t\t\t\t<\/div>\n\t\t\t\t<\/div>\n\t\t<div class=\"elementor-element elementor-element-37cf2ce e-flex e-con-boxed e-con e-parent\" data-id=\"37cf2ce\" data-element_type=\"container\" data-e-type=\"container\" data-settings=\"{&quot;jkit_pro_background_motion_effects_toggle&quot;:0,&quot;jkit_pro_custom_cursor_toggle&quot;:false,&quot;jkit_pro_parallax_effects_toggle&quot;:0,&quot;jkit_pro_mouse_effects_toggle&quot;:0}\">\n\t\t\t\t\t<div class=\"e-con-inner\">\n\t\t<div class=\"elementor-element elementor-element-67e6674 e-con-full e-flex e-con e-child\" data-id=\"67e6674\" data-element_type=\"container\" data-e-type=\"container\" data-settings=\"{&quot;jkit_pro_background_motion_effects_toggle&quot;:0,&quot;jkit_pro_custom_cursor_toggle&quot;:false,&quot;jkit_pro_parallax_effects_toggle&quot;:0,&quot;jkit_pro_mouse_effects_toggle&quot;:0}\">\n\t\t\t\t<div class=\"elementor-element elementor-element-9b680da elementor-widget elementor-widget-text-editor\" data-id=\"9b680da\" data-element_type=\"widget\" data-e-type=\"widget\" data-widget_type=\"text-editor.default\">\n\t\t\t\t\t\t\t\t\t<p>Nasze domki znajduj\u0105 si\u0119 zaledwie 650 metr\u00f3w od pla\u017cy, oferuj\u0105c idealne warunki na spokojny rodzinny wypoczynek, weekendowy wyjazd lub d\u0142u\u017cszy pobyt nad Ba\u0142tykiem, z dala od t\u0142um\u00f3w i miejskiego zgie\u0142ku.<\/p>\t\t\t\t\t\t\t\t<\/div>\n\t\t\t\t<div class=\"elementor-element elementor-element-2869747 elementor-icon-list--layout-traditional elementor-list-item-link-full_width elementor-widget elementor-widget-icon-list\" data-id=\"2869747\" data-element_type=\"widget\" data-e-type=\"widget\" data-widget_type=\"icon-list.default\">\n\t\t\t\t\t\t\t<ul class=\"elementor-icon-list-items\">\n\t\t\t\t\t\t\t<li class=\"elementor-icon-list-item\">\n\t\t\t\t\t\t\t\t\t\t\t<span class=\"elementor-icon-list-icon\">\n\t\t\t\t\t\t\t<svg aria-hidden=\"true\" class=\"e-font-icon-svg e-fas-check\" viewBox=\"0 0 512 512\" xmlns=\"http:\/\/www.w3.org\/2000\/svg\"><path d=\"M173.898 439.404l-166.4-166.4c-9.997-9.997-9.997-26.206 0-36.204l36.203-36.204c9.997-9.998 26.207-9.998 36.204 0L192 312.69 432.095 72.596c9.997-9.997 26.207-9.997 36.204 0l36.203 36.204c9.997 9.997 9.997 26.206 0 36.204l-294.4 294.401c-9.998 9.997-26.207 9.997-36.204-.001z\"><\/path><\/svg>\t\t\t\t\t\t<\/span>\n\t\t\t\t\t\t\t\t\t\t<span class=\"elementor-icon-list-text\">9 domk\u00f3w w jednym, prywatnym kompleksie<\/span>\n\t\t\t\t\t\t\t\t\t<\/li>\n\t\t\t\t\t\t\t\t<li class=\"elementor-icon-list-item\">\n\t\t\t\t\t\t\t\t\t\t\t<span class=\"elementor-icon-list-icon\">\n\t\t\t\t\t\t\t<svg aria-hidden=\"true\" class=\"e-font-icon-svg e-fas-check\" viewBox=\"0 0 512 512\" xmlns=\"http:\/\/www.w3.org\/2000\/svg\"><path d=\"M173.898 439.404l-166.4-166.4c-9.997-9.997-9.997-26.206 0-36.204l36.203-36.204c9.997-9.998 26.207-9.998 36.204 0L192 312.69 432.095 72.596c9.997-9.997 26.207-9.997 36.204 0l36.203 36.204c9.997 9.997 9.997 26.206 0 36.204l-294.4 294.401c-9.998 9.997-26.207 9.997-36.204-.001z\"><\/path><\/svg>\t\t\t\t\t\t<\/span>\n\t\t\t\t\t\t\t\t\t\t<span class=\"elementor-icon-list-text\">Domki w pe\u0142ni wyposa\u017cone \u2013 funkcjonalna kuchnia z niezb\u0119dnym sprz\u0119tem, \u0142azienka, komfortowe sypialnie oraz przestronne wn\u0119trza gotowe do zamieszkania<\/span>\n\t\t\t\t\t\t\t\t\t<\/li>\n\t\t\t\t\t\t\t\t<li class=\"elementor-icon-list-item\">\n\t\t\t\t\t\t\t\t\t\t\t<span class=\"elementor-icon-list-icon\">\n\t\t\t\t\t\t\t<svg aria-hidden=\"true\" class=\"e-font-icon-svg e-fas-check\" viewBox=\"0 0 512 512\" xmlns=\"http:\/\/www.w3.org\/2000\/svg\"><path d=\"M173.898 439.404l-166.4-166.4c-9.997-9.997-9.997-26.206 0-36.204l36.203-36.204c9.997-9.998 26.207-9.998 36.204 0L192 312.69 432.095 72.596c9.997-9.997 26.207-9.997 36.204 0l36.203 36.204c9.997 9.997 9.997 26.206 0 36.204l-294.4 294.401c-9.998 9.997-26.207 9.997-36.204-.001z\"><\/path><\/svg>\t\t\t\t\t\t<\/span>\n\t\t\t\t\t\t\t\t\t\t<span class=\"elementor-icon-list-text\">Parterowa zabudowa bez prog\u00f3w, zapewniaj\u0105ca wygod\u0119, swobod\u0119 oraz \u0142atwy dost\u0119p<\/span>\n\t\t\t\t\t\t\t\t\t<\/li>\n\t\t\t\t\t\t\t\t<li class=\"elementor-icon-list-item\">\n\t\t\t\t\t\t\t\t\t\t\t<span class=\"elementor-icon-list-icon\">\n\t\t\t\t\t\t\t<svg aria-hidden=\"true\" class=\"e-font-icon-svg e-fas-check\" viewBox=\"0 0 512 512\" xmlns=\"http:\/\/www.w3.org\/2000\/svg\"><path d=\"M173.898 439.404l-166.4-166.4c-9.997-9.997-9.997-26.206 0-36.204l36.203-36.204c9.997-9.998 26.207-9.998 36.204 0L192 312.69 432.095 72.596c9.997-9.997 26.207-9.997 36.204 0l36.203 36.204c9.997 9.997 9.997 26.206 0 36.204l-294.4 294.401c-9.998 9.997-26.207 9.997-36.204-.001z\"><\/path><\/svg>\t\t\t\t\t\t<\/span>\n\t\t\t\t\t\t\t\t\t\t<span class=\"elementor-icon-list-text\">Du\u017ca i bezpieczna dzia\u0142ka sprzyjaj\u0105ca wsp\u00f3lnemu sp\u0119dzaniu czasu oraz integracji w gronie rodziny i przyjaci\u00f3\u0142<\/span>\n\t\t\t\t\t\t\t\t\t<\/li>\n\t\t\t\t\t\t<\/ul>\n\t\t\t\t\t\t<\/div>\n\t\t\t\t<\/div>\n\t\t<div class=\"elementor-element elementor-element-10b4524 e-con-full e-flex e-con e-child\" data-id=\"10b4524\" data-element_type=\"container\" data-e-type=\"container\" data-settings=\"{&quot;jkit_pro_background_motion_effects_toggle&quot;:0,&quot;jkit_pro_custom_cursor_toggle&quot;:false,&quot;jkit_pro_parallax_effects_toggle&quot;:0,&quot;jkit_pro_mouse_effects_toggle&quot;:0}\">\n\t\t\t\t<div class=\"elementor-element elementor-element-252241c elementor-widget elementor-widget-text-editor\" data-id=\"252241c\" data-element_type=\"widget\" data-e-type=\"widget\" data-widget_type=\"text-editor.default\">\n\t\t\t\t\t\t\t\t\t<p>Na terenie obiektu przygotowali\u015bmy przestrze\u0144 do aktywnego wypoczynku i rodzinnej zabawy:<\/p>\t\t\t\t\t\t\t\t<\/div>\n\t\t\t\t<div class=\"elementor-element elementor-element-2c5e08b elementor-icon-list--layout-traditional elementor-list-item-link-full_width elementor-widget elementor-widget-icon-list\" data-id=\"2c5e08b\" data-element_type=\"widget\" data-e-type=\"widget\" data-widget_type=\"icon-list.default\">\n\t\t\t\t\t\t\t<ul class=\"elementor-icon-list-items\">\n\t\t\t\t\t\t\t<li class=\"elementor-icon-list-item\">\n\t\t\t\t\t\t\t\t\t\t\t<span class=\"elementor-icon-list-icon\">\n\t\t\t\t\t\t\t<svg aria-hidden=\"true\" class=\"e-font-icon-svg e-fas-check\" viewBox=\"0 0 512 512\" xmlns=\"http:\/\/www.w3.org\/2000\/svg\"><path d=\"M173.898 439.404l-166.4-166.4c-9.997-9.997-9.997-26.206 0-36.204l36.203-36.204c9.997-9.998 26.207-9.998 36.204 0L192 312.69 432.095 72.596c9.997-9.997 26.207-9.997 36.204 0l36.203 36.204c9.997 9.997 9.997 26.206 0 36.204l-294.4 294.401c-9.998 9.997-26.207 9.997-36.204-.001z\"><\/path><\/svg>\t\t\t\t\t\t<\/span>\n\t\t\t\t\t\t\t\t\t\t<span class=\"elementor-icon-list-text\">Plac zabaw dla dzieci \u2013 bezpieczna strefa rado\u015bci i beztroskich chwil<\/span>\n\t\t\t\t\t\t\t\t\t<\/li>\n\t\t\t\t\t\t\t\t<li class=\"elementor-icon-list-item\">\n\t\t\t\t\t\t\t\t\t\t\t<span class=\"elementor-icon-list-icon\">\n\t\t\t\t\t\t\t<svg aria-hidden=\"true\" class=\"e-font-icon-svg e-fas-check\" viewBox=\"0 0 512 512\" xmlns=\"http:\/\/www.w3.org\/2000\/svg\"><path d=\"M173.898 439.404l-166.4-166.4c-9.997-9.997-9.997-26.206 0-36.204l36.203-36.204c9.997-9.998 26.207-9.998 36.204 0L192 312.69 432.095 72.596c9.997-9.997 26.207-9.997 36.204 0l36.203 36.204c9.997 9.997 9.997 26.206 0 36.204l-294.4 294.401c-9.998 9.997-26.207 9.997-36.204-.001z\"><\/path><\/svg>\t\t\t\t\t\t<\/span>\n\t\t\t\t\t\t\t\t\t\t<span class=\"elementor-icon-list-text\">Pe\u0142nowymiarowe boisko do pi\u0142ki pla\u017cowej i beach soccera \u2013 idealne do sportowej rywalizacji i turniej\u00f3w<\/span>\n\t\t\t\t\t\t\t\t\t<\/li>\n\t\t\t\t\t\t\t\t<li class=\"elementor-icon-list-item\">\n\t\t\t\t\t\t\t\t\t\t\t<span class=\"elementor-icon-list-icon\">\n\t\t\t\t\t\t\t<svg aria-hidden=\"true\" class=\"e-font-icon-svg e-fas-check\" viewBox=\"0 0 512 512\" xmlns=\"http:\/\/www.w3.org\/2000\/svg\"><path d=\"M173.898 439.404l-166.4-166.4c-9.997-9.997-9.997-26.206 0-36.204l36.203-36.204c9.997-9.998 26.207-9.998 36.204 0L192 312.69 432.095 72.596c9.997-9.997 26.207-9.997 36.204 0l36.203 36.204c9.997 9.997 9.997 26.206 0 36.204l-294.4 294.401c-9.998 9.997-26.207 9.997-36.204-.001z\"><\/path><\/svg>\t\t\t\t\t\t<\/span>\n\t\t\t\t\t\t\t\t\t\t<span class=\"elementor-icon-list-text\">Otwarta strefa zieleni \u2013 miejsce relaksu, spotka\u0144 i odpoczynku w otoczeniu natury<\/span>\n\t\t\t\t\t\t\t\t\t<\/li>\n\t\t\t\t\t\t\t\t<li class=\"elementor-icon-list-item\">\n\t\t\t\t\t\t\t\t\t\t\t<span class=\"elementor-icon-list-icon\">\n\t\t\t\t\t\t\t<svg aria-hidden=\"true\" class=\"e-font-icon-svg e-fas-check\" viewBox=\"0 0 512 512\" xmlns=\"http:\/\/www.w3.org\/2000\/svg\"><path d=\"M173.898 439.404l-166.4-166.4c-9.997-9.997-9.997-26.206 0-36.204l36.203-36.204c9.997-9.998 26.207-9.998 36.204 0L192 312.69 432.095 72.596c9.997-9.997 26.207-9.997 36.204 0l36.203 36.204c9.997 9.997 9.997 26.206 0 36.204l-294.4 294.401c-9.998 9.997-26.207 9.997-36.204-.001z\"><\/path><\/svg>\t\t\t\t\t\t<\/span>\n\t\t\t\t\t\t\t\t\t\t<span class=\"elementor-icon-list-text\">Du\u017ca i bezpieczna dzia\u0142ka sprzyjaj\u0105ca wsp\u00f3lnemu sp\u0119dzaniu czasu oraz integracji w gronie rodziny i przyjaci\u00f3\u0142<\/span>\n\t\t\t\t\t\t\t\t\t<\/li>\n\t\t\t\t\t\t<\/ul>\n\t\t\t\t\t\t<\/div>\n\t\t\t\t<\/div>\n\t\t\t\t\t<\/div>\n\t\t\t\t<\/div>\n\t\t<div class=\"elementor-element elementor-element-a63925a e-flex e-con-boxed e-con e-parent\" data-id=\"a63925a\" data-element_type=\"container\" data-e-type=\"container\" data-settings=\"{&quot;jkit_pro_background_motion_effects_toggle&quot;:0,&quot;jkit_pro_custom_cursor_toggle&quot;:false,&quot;jkit_pro_parallax_effects_toggle&quot;:0,&quot;jkit_pro_mouse_effects_toggle&quot;:0}\">\n\t\t\t\t\t<div class=\"e-con-inner\">\n\t\t<div class=\"elementor-element elementor-element-a50b2b6 e-con-full e-flex e-con e-child\" data-id=\"a50b2b6\" data-element_type=\"container\" data-e-type=\"container\" data-settings=\"{&quot;jkit_pro_background_motion_effects_toggle&quot;:0,&quot;jkit_pro_custom_cursor_toggle&quot;:false,&quot;jkit_pro_parallax_effects_toggle&quot;:0,&quot;jkit_pro_mouse_effects_toggle&quot;:0}\">\n\t\t\t\t<div class=\"elementor-element elementor-element-668955d elementor-widget elementor-widget-text-editor\" data-id=\"668955d\" data-element_type=\"widget\" data-e-type=\"widget\" data-widget_type=\"text-editor.default\">\n\t\t\t\t\t\t\t\t\t<p>To prawdziwy nadmorski azyl dla rodzin i grup przyjaci\u00f3\u0142 \u2013 dzieci maj\u0105 przestrze\u0144 do zabawy i aktywno\u015bci, a doro\u015bli komfort, prywatno\u015b\u0107 i cisz\u0119. Przestronne, w pe\u0142ni wyposa\u017cone wn\u0119trza, przytulna atmosfera oraz wakacyjny klimat sprawiaj\u0105, \u017ce poczujecie si\u0119 tutaj jak w domu\u2026 tylko z lepszym widokiem za oknem i szumem morza w tle.<\/p>\t\t\t\t\t\t\t\t<\/div>\n\t\t\t\t<\/div>\n\t\t<div class=\"elementor-element elementor-element-5336dc6 e-con-full e-flex e-con e-child\" data-id=\"5336dc6\" data-element_type=\"container\" data-e-type=\"container\" data-settings=\"{&quot;jkit_pro_background_motion_effects_toggle&quot;:0,&quot;jkit_pro_custom_cursor_toggle&quot;:false,&quot;jkit_pro_parallax_effects_toggle&quot;:0,&quot;jkit_pro_mouse_effects_toggle&quot;:0}\">\n\t\t\t\t<div class=\"elementor-element elementor-element-1a318aa elementor-widget elementor-widget-text-editor\" data-id=\"1a318aa\" data-element_type=\"widget\" data-e-type=\"widget\" data-widget_type=\"text-editor.default\">\n\t\t\t\t\t\t\t\t\t<p>W najbli\u017cszej okolicy znajdziecie r\u00f3wnie\u017c dodatkowe atrakcje, kt\u00f3re urozmaic\u0105 Wasz pobyt:<\/p>\t\t\t\t\t\t\t\t<\/div>\n\t\t\t\t<div class=\"elementor-element elementor-element-86d220b elementor-icon-list--layout-traditional elementor-list-item-link-full_width elementor-widget elementor-widget-icon-list\" data-id=\"86d220b\" data-element_type=\"widget\" data-e-type=\"widget\" data-widget_type=\"icon-list.default\">\n\t\t\t\t\t\t\t<ul class=\"elementor-icon-list-items\">\n\t\t\t\t\t\t\t<li class=\"elementor-icon-list-item\">\n\t\t\t\t\t\t\t\t\t\t\t<span class=\"elementor-icon-list-icon\">\n\t\t\t\t\t\t\t<svg aria-hidden=\"true\" class=\"e-font-icon-svg e-fas-check\" viewBox=\"0 0 512 512\" xmlns=\"http:\/\/www.w3.org\/2000\/svg\"><path d=\"M173.898 439.404l-166.4-166.4c-9.997-9.997-9.997-26.206 0-36.204l36.203-36.204c9.997-9.998 26.207-9.998 36.204 0L192 312.69 432.095 72.596c9.997-9.997 26.207-9.997 36.204 0l36.203 36.204c9.997 9.997 9.997 26.206 0 36.204l-294.4 294.401c-9.998 9.997-26.207 9.997-36.204-.001z\"><\/path><\/svg>\t\t\t\t\t\t<\/span>\n\t\t\t\t\t\t\t\t\t\t<span class=\"elementor-icon-list-text\">Aquapark<\/span>\n\t\t\t\t\t\t\t\t\t<\/li>\n\t\t\t\t\t\t\t\t<li class=\"elementor-icon-list-item\">\n\t\t\t\t\t\t\t\t\t\t\t<span class=\"elementor-icon-list-icon\">\n\t\t\t\t\t\t\t<svg aria-hidden=\"true\" class=\"e-font-icon-svg e-fas-check\" viewBox=\"0 0 512 512\" xmlns=\"http:\/\/www.w3.org\/2000\/svg\"><path d=\"M173.898 439.404l-166.4-166.4c-9.997-9.997-9.997-26.206 0-36.204l36.203-36.204c9.997-9.998 26.207-9.998 36.204 0L192 312.69 432.095 72.596c9.997-9.997 26.207-9.997 36.204 0l36.203 36.204c9.997 9.997 9.997 26.206 0 36.204l-294.4 294.401c-9.998 9.997-26.207 9.997-36.204-.001z\"><\/path><\/svg>\t\t\t\t\t\t<\/span>\n\t\t\t\t\t\t\t\t\t\t<span class=\"elementor-icon-list-text\">Latarnia morska<\/span>\n\t\t\t\t\t\t\t\t\t<\/li>\n\t\t\t\t\t\t\t\t<li class=\"elementor-icon-list-item\">\n\t\t\t\t\t\t\t\t\t\t\t<span class=\"elementor-icon-list-icon\">\n\t\t\t\t\t\t\t<svg aria-hidden=\"true\" class=\"e-font-icon-svg e-fas-check\" viewBox=\"0 0 512 512\" xmlns=\"http:\/\/www.w3.org\/2000\/svg\"><path d=\"M173.898 439.404l-166.4-166.4c-9.997-9.997-9.997-26.206 0-36.204l36.203-36.204c9.997-9.998 26.207-9.998 36.204 0L192 312.69 432.095 72.596c9.997-9.997 26.207-9.997 36.204 0l36.203 36.204c9.997 9.997 9.997 26.206 0 36.204l-294.4 294.401c-9.998 9.997-26.207 9.997-36.204-.001z\"><\/path><\/svg>\t\t\t\t\t\t<\/span>\n\t\t\t\t\t\t\t\t\t\t<span class=\"elementor-icon-list-text\">Restauracje i pizzerie<\/span>\n\t\t\t\t\t\t\t\t\t<\/li>\n\t\t\t\t\t\t<\/ul>\n\t\t\t\t\t\t<\/div>\n\t\t\t\t<\/div>\n\t\t\t\t\t<\/div>\n\t\t\t\t<\/div>\n\t\t\t\t<\/div>\n\t\t","protected":false},"excerpt":{"rendered":"<p>Nasze domki znajduj\u0105 si\u0119 zaledwie 650 metr\u00f3w od pla\u017cy, oferuj\u0105c idealne warunki na spokojny rodzinny wypoczynek, weekendowy wyjazd lub d\u0142u\u017cszy pobyt nad Ba\u0142tykiem, z dala od t\u0142um\u00f3w i miejskiego zgie\u0142ku. 9 domk\u00f3w w jednym, prywatnym kompleksie Domki w pe\u0142ni wyposa\u017cone \u2013 funkcjonalna kuchnia z niezb\u0119dnym sprz\u0119tem, \u0142azienka, komfortowe sypialnie oraz przestronne wn\u0119trza gotowe do zamieszkania [&hellip;]<\/p>\n","protected":false},"author":1,"featured_media":0,"parent":0,"menu_order":0,"comment_status":"closed","ping_status":"closed","template":"elementor_header_footer","meta":{"footnotes":""},"class_list":["post-647","page","type-page","status-publish","hentry"],"_links":{"self":[{"href":"https:\/\/bythewaydomki.pl\/index.php\/wp-json\/wp\/v2\/pages\/647","targetHints":{"allow":["GET"]}}],"collection":[{"href":"https:\/\/bythewaydomki.pl\/index.php\/wp-json\/wp\/v2\/pages"}],"about":[{"href":"https:\/\/bythewaydomki.pl\/index.php\/wp-json\/wp\/v2\/types\/page"}],"author":[{"embeddable":true,"href":"https:\/\/bythewaydomki.pl\/index.php\/wp-json\/wp\/v2\/users\/1"}],"replies":[{"embeddable":true,"href":"https:\/\/bythewaydomki.pl\/index.php\/wp-json\/wp\/v2\/comments?post=647"}],"version-history":[{"count":5,"href":"https:\/\/bythewaydomki.pl\/index.php\/wp-json\/wp\/v2\/pages\/647\/revisions"}],"predecessor-version":[{"id":678,"href":"https:\/\/bythewaydomki.pl\/index.php\/wp-json\/wp\/v2\/pages\/647\/revisions\/678"}],"wp:attachment":[{"href":"https:\/\/bythewaydomki.pl\/index.php\/wp-json\/wp\/v2\/media?parent=647"}],"curies":[{"name":"wp","href":"https:\/\/api.w.org\/{rel}","templated":true}]}}